{"id":6719,"date":"2025-12-23T07:45:13","date_gmt":"2025-12-23T06:45:13","guid":{"rendered":"https:\/\/www.ikostech.es\/cue\/?page_id=6719"},"modified":"2025-12-23T13:57:37","modified_gmt":"2025-12-23T12:57:37","slug":"proyectos","status":"publish","type":"page","link":"https:\/\/www.ikostech.es\/cue\/proyectos\/","title":{"rendered":"Proyectos"},"content":{"rendered":"\t\t<div data-elementor-type=\"wp-page\" data-elementor-id=\"6719\" class=\"elementor elementor-6719\" data-elementor-post-type=\"page\">\n\t\t\t\t\t\t<section class=\"elementor-section elementor-top-section elementor-element elementor-element-ff6a418 elementor-section-boxed elementor-section-height-default elementor-section-height-default\" data-id=\"ff6a418\" data-element_type=\"section\">\n\t\t\t\t\t\t<div class=\"elementor-container elementor-column-gap-default\">\n\t\t\t\t\t<div class=\"elementor-column elementor-col-100 elementor-top-column elementor-element elementor-element-59a2da6\" data-id=\"59a2da6\" data-element_type=\"column\">\n\t\t\t<div class=\"elementor-widget-wrap elementor-element-populated\">\n\t\t\t\t\t\t<div class=\"elementor-element elementor-element-91e73f8 elementor-widget elementor-widget-heading\" data-id=\"91e73f8\" data-element_type=\"widget\" data-widget_type=\"heading.default\">\n\t\t\t\t<div class=\"elementor-widget-container\">\n\t\t\t\t\t<h2 class=\"elementor-heading-title elementor-size-default\">Proyectos<\/h2>\t\t\t\t<\/div>\n\t\t\t\t<\/div>\n\t\t\t\t<div class=\"elementor-element elementor-element-787d9fb elementor-grid-1 elementor-grid-tablet-2 elementor-grid-mobile-1 elementor-posts--thumbnail-top elementor-posts--show-avatar elementor-card-shadow-yes elementor-posts__hover-gradient elementor-widget elementor-widget-posts\" data-id=\"787d9fb\" data-element_type=\"widget\" data-settings=\"{&quot;cards_columns&quot;:&quot;1&quot;,&quot;cards_columns_tablet&quot;:&quot;2&quot;,&quot;cards_columns_mobile&quot;:&quot;1&quot;,&quot;cards_row_gap&quot;:{&quot;unit&quot;:&quot;px&quot;,&quot;size&quot;:35,&quot;sizes&quot;:[]},&quot;cards_row_gap_tablet&quot;:{&quot;unit&quot;:&quot;px&quot;,&quot;size&quot;:&quot;&quot;,&quot;sizes&quot;:[]},&quot;cards_row_gap_mobile&quot;:{&quot;unit&quot;:&quot;px&quot;,&quot;size&quot;:&quot;&quot;,&quot;sizes&quot;:[]}}\" data-widget_type=\"posts.cards\">\n\t\t\t\t<div class=\"elementor-widget-container\">\n\t\t\t\t\t\t\t<div class=\"elementor-posts-container elementor-posts elementor-posts--skin-cards elementor-grid\" role=\"list\">\n\t\t\t\t<article class=\"elementor-post elementor-grid-item post-6726 post type-post status-publish format-standard has-post-thumbnail hentry category-proyectos\" role=\"listitem\">\n\t\t\t<div class=\"elementor-post__card\">\n\t\t\t\t<a class=\"elementor-post__thumbnail__link\" href=\"https:\/\/www.ikostech.es\/cue\/monitorizacion-automatizacion-iot-inteligencia-artificial-invernaderos\/\" tabindex=\"-1\" ><div class=\"elementor-post__thumbnail\"><img fetchpriority=\"high\" decoding=\"async\" width=\"1024\" height=\"724\" src=\"https:\/\/www.ikostech.es\/cue\/wp-content\/uploads\/2025\/12\/feder_pope_cdti_IKOS-1024x724.jpg\" class=\"attachment-large size-large wp-image-6757\" alt=\"feder cdti IKOS\" srcset=\"https:\/\/www.ikostech.es\/cue\/wp-content\/uploads\/2025\/12\/feder_pope_cdti_IKOS-1024x724.jpg 1024w, https:\/\/www.ikostech.es\/cue\/wp-content\/uploads\/2025\/12\/feder_pope_cdti_IKOS-300x212.jpg 300w, https:\/\/www.ikostech.es\/cue\/wp-content\/uploads\/2025\/12\/feder_pope_cdti_IKOS-768x543.jpg 768w, https:\/\/www.ikostech.es\/cue\/wp-content\/uploads\/2025\/12\/feder_pope_cdti_IKOS-1536x1086.jpg 1536w, https:\/\/www.ikostech.es\/cue\/wp-content\/uploads\/2025\/12\/feder_pope_cdti_IKOS.jpg 1920w\" sizes=\"(max-width: 1024px) 100vw, 1024px\" \/><\/div><\/a>\n\t\t\t\t<div class=\"elementor-post__avatar\">\n\t\t\t\t\t<\/div>\n\t\t\t\t<div class=\"elementor-post__text\">\n\t\t\t\t<h3 class=\"elementor-post__title\">\n\t\t\t<a href=\"https:\/\/www.ikostech.es\/cue\/monitorizacion-automatizacion-iot-inteligencia-artificial-invernaderos\/\" >\n\t\t\t\tMonitorizaci\u00f3n y automatizaci\u00f3n con tecnolog\u00edas IoT e Inteligencia Artificial para maximizar el proceso de producci\u00f3n en invernaderos (IKOS-AIM)\t\t\t<\/a>\n\t\t<\/h3>\n\t\t\t\t<div class=\"elementor-post__excerpt\">\n\t\t\t<p>El proyecto\u00a0\u201cMonitorizaci\u00f3n y automatizaci\u00f3n con tecnolog\u00edas IoT e Inteligencia Artificial para maximizar el proceso de producci\u00f3n en invernaderos (IKOS-AIM)\u201d\u00a0tiene por objeto el dise\u00f1o de una\u00a0plataforma<\/p>\n\t\t<\/div>\n\t\t\n\t\t<a class=\"elementor-post__read-more\" href=\"https:\/\/www.ikostech.es\/cue\/monitorizacion-automatizacion-iot-inteligencia-artificial-invernaderos\/\" aria-label=\"M\u00e1s informaci\u00f3n sobre Monitorizaci\u00f3n y automatizaci\u00f3n con tecnolog\u00edas IoT e Inteligencia Artificial para maximizar el proceso de producci\u00f3n en invernaderos (IKOS-AIM)\" tabindex=\"-1\" >\n\t\t\tLeer m\u00e1s \u00bb\t\t<\/a>\n\n\t\t\t\t<\/div>\n\t\t\t\t\t<\/div>\n\t\t<\/article>\n\t\t\t\t<\/div>\n\t\t\n\t\t\t\t\t\t<\/div>\n\t\t\t\t<\/div>\n\t\t\t\t\t<\/div>\n\t\t<\/div>\n\t\t\t\t\t<\/div>\n\t\t<\/section>\n\t\t\t\t<\/div>\n\t\t","protected":false},"excerpt":{"rendered":"<p>Proyectos<\/p>\n","protected":false},"author":2,"featured_media":0,"parent":0,"menu_order":0,"comment_status":"closed","ping_status":"closed","template":"elementor_theme","meta":{"site-sidebar-layout":"no-sidebar","site-content-layout":"page-builder","ast-site-content-layout":"full-width-container","site-content-style":"default","site-sidebar-style":"default","ast-global-header-display":"","ast-banner-title-visibility":"","ast-main-header-display":"","ast-hfb-above-header-display":"","ast-hfb-below-header-display":"","ast-hfb-mobile-header-display":"","site-post-title":"disabled","ast-breadcrumbs-content":"","ast-featured-img":"","footer-sml-layout":"","theme-transparent-header-meta":"","adv-header-id-meta":"","stick-header-meta":"","header-above-stick-meta":"","header-main-stick-meta":"","header-below-stick-meta":"","astra-migrate-meta-layouts":"set","ast-page-background-enabled":"default","ast-page-background-meta":{"desktop":{"background-color":"var(--ast-global-color-4)","background-image":"","background-repeat":"repeat","background-position":"center center","background-size":"auto","background-attachment":"scroll","background-type":"","background-media":"","overlay-type":"","overlay-color":"","overlay-opacity":"","overlay-gradient":""},"tablet":{"background-color":"","background-image":"","background-repeat":"repeat","background-position":"center center","background-size":"auto","background-attachment":"scroll","background-type":"","background-media":"","overlay-type":"","overlay-color":"","overlay-opacity":"","overlay-gradient":""},"mobile":{"background-color":"","background-image":"","background-repeat":"repeat","background-position":"center center","background-size":"auto","background-attachment":"scroll","background-type":"","background-media":"","overlay-type":"","overlay-color":"","overlay-opacity":"","overlay-gradient":""}},"ast-content-background-meta":{"desktop":{"background-color":"var(--ast-global-color-5)","background-image":"","background-repeat":"repeat","background-position":"center center","background-size":"auto","background-attachment":"scroll","background-type":"","background-media":"","overlay-type":"","overlay-color":"","overlay-opacity":"","overlay-gradient":""},"tablet":{"background-color":"var(--ast-global-color-5)","background-image":"","background-repeat":"repeat","background-position":"center center","background-size":"auto","background-attachment":"scroll","background-type":"","background-media":"","overlay-type":"","overlay-color":"","overlay-opacity":"","overlay-gradient":""},"mobile":{"background-color":"var(--ast-global-color-5)","background-image":"","background-repeat":"repeat","background-position":"center center","background-size":"auto","background-attachment":"scroll","background-type":"","background-media":"","overlay-type":"","overlay-color":"","overlay-opacity":"","overlay-gradient":""}},"footnotes":""},"class_list":["post-6719","page","type-page","status-publish","hentry"],"yoast_head":"<!-- This site is optimized with the Yoast SEO plugin v26.6 - https:\/\/yoast.com\/wordpress\/plugins\/seo\/ -->\n<title>Proyectos - Ikos Advanced<\/title>\n<meta name=\"robots\" content=\"index, follow, max-snippet:-1, max-image-preview:large, max-video-preview:-1\" \/>\n<link rel=\"canonical\" href=\"https:\/\/www.ikostech.es\/cue\/proyectos\/\" \/>\n<meta property=\"og:locale\" content=\"es_ES\" \/>\n<meta property=\"og:type\" content=\"article\" \/>\n<meta property=\"og:title\" content=\"Proyectos - Ikos Advanced\" \/>\n<meta property=\"og:description\" content=\"Proyectos\" \/>\n<meta property=\"og:url\" content=\"https:\/\/www.ikostech.es\/cue\/proyectos\/\" \/>\n<meta property=\"og:site_name\" content=\"Ikos Advanced\" \/>\n<meta property=\"article:publisher\" content=\"https:\/\/www.facebook.com\/ikostech\" \/>\n<meta property=\"article:modified_time\" content=\"2025-12-23T12:57:37+00:00\" \/>\n<meta name=\"twitter:card\" content=\"summary_large_image\" \/>\n<meta name=\"twitter:site\" content=\"@ikos_tech\" \/>\n<meta name=\"twitter:label1\" content=\"Tiempo de lectura\" \/>\n\t<meta name=\"twitter:data1\" content=\"1 minuto\" \/>\n<script type=\"application\/ld+json\" class=\"yoast-schema-graph\">{\"@context\":\"https:\/\/schema.org\",\"@graph\":[{\"@type\":\"WebPage\",\"@id\":\"https:\/\/www.ikostech.es\/cue\/proyectos\/\",\"url\":\"https:\/\/www.ikostech.es\/cue\/proyectos\/\",\"name\":\"Proyectos - Ikos Advanced\",\"isPartOf\":{\"@id\":\"https:\/\/www.ikostech.es\/cue\/#website\"},\"datePublished\":\"2025-12-23T06:45:13+00:00\",\"dateModified\":\"2025-12-23T12:57:37+00:00\",\"breadcrumb\":{\"@id\":\"https:\/\/www.ikostech.es\/cue\/proyectos\/#breadcrumb\"},\"inLanguage\":\"es\",\"potentialAction\":[{\"@type\":\"ReadAction\",\"target\":[\"https:\/\/www.ikostech.es\/cue\/proyectos\/\"]}]},{\"@type\":\"BreadcrumbList\",\"@id\":\"https:\/\/www.ikostech.es\/cue\/proyectos\/#breadcrumb\",\"itemListElement\":[{\"@type\":\"ListItem\",\"position\":1,\"name\":\"Portada\",\"item\":\"https:\/\/www.ikostech.es\/cue\/\"},{\"@type\":\"ListItem\",\"position\":2,\"name\":\"Proyectos\"}]},{\"@type\":\"WebSite\",\"@id\":\"https:\/\/www.ikostech.es\/cue\/#website\",\"url\":\"https:\/\/www.ikostech.es\/cue\/\",\"name\":\"Ikos Advanced\",\"description\":\"Monitorizacion de cultivos\",\"publisher\":{\"@id\":\"https:\/\/www.ikostech.es\/cue\/#organization\"},\"potentialAction\":[{\"@type\":\"SearchAction\",\"target\":{\"@type\":\"EntryPoint\",\"urlTemplate\":\"https:\/\/www.ikostech.es\/cue\/?s={search_term_string}\"},\"query-input\":{\"@type\":\"PropertyValueSpecification\",\"valueRequired\":true,\"valueName\":\"search_term_string\"}}],\"inLanguage\":\"es\"},{\"@type\":\"Organization\",\"@id\":\"https:\/\/www.ikostech.es\/cue\/#organization\",\"name\":\"Ikos Advanced\",\"url\":\"https:\/\/www.ikostech.es\/cue\/\",\"logo\":{\"@type\":\"ImageObject\",\"inLanguage\":\"es\",\"@id\":\"https:\/\/www.ikostech.es\/cue\/#\/schema\/logo\/image\/\",\"url\":\"https:\/\/www.ikostech.es\/cue\/wp-content\/uploads\/2023\/03\/logo-imagen-destacada.jpeg\",\"contentUrl\":\"https:\/\/www.ikostech.es\/cue\/wp-content\/uploads\/2023\/03\/logo-imagen-destacada.jpeg\",\"width\":480,\"height\":480,\"caption\":\"Ikos Advanced\"},\"image\":{\"@id\":\"https:\/\/www.ikostech.es\/cue\/#\/schema\/logo\/image\/\"},\"sameAs\":[\"https:\/\/www.facebook.com\/ikostech\",\"https:\/\/x.com\/ikos_tech\",\"https:\/\/www.instagram.com\/ikos_tech\/\",\"https:\/\/es.linkedin.com\/company\/ikos-tech\"]}]}<\/script>\n<!-- \/ Yoast SEO plugin. -->","yoast_head_json":{"title":"Proyectos - Ikos Advanced","robots":{"index":"index","follow":"follow","max-snippet":"max-snippet:-1","max-image-preview":"max-image-preview:large","max-video-preview":"max-video-preview:-1"},"canonical":"https:\/\/www.ikostech.es\/cue\/proyectos\/","og_locale":"es_ES","og_type":"article","og_title":"Proyectos - Ikos Advanced","og_description":"Proyectos","og_url":"https:\/\/www.ikostech.es\/cue\/proyectos\/","og_site_name":"Ikos Advanced","article_publisher":"https:\/\/www.facebook.com\/ikostech","article_modified_time":"2025-12-23T12:57:37+00:00","twitter_card":"summary_large_image","twitter_site":"@ikos_tech","twitter_misc":{"Tiempo de lectura":"1 minuto"},"schema":{"@context":"https:\/\/schema.org","@graph":[{"@type":"WebPage","@id":"https:\/\/www.ikostech.es\/cue\/proyectos\/","url":"https:\/\/www.ikostech.es\/cue\/proyectos\/","name":"Proyectos - Ikos Advanced","isPartOf":{"@id":"https:\/\/www.ikostech.es\/cue\/#website"},"datePublished":"2025-12-23T06:45:13+00:00","dateModified":"2025-12-23T12:57:37+00:00","breadcrumb":{"@id":"https:\/\/www.ikostech.es\/cue\/proyectos\/#breadcrumb"},"inLanguage":"es","potentialAction":[{"@type":"ReadAction","target":["https:\/\/www.ikostech.es\/cue\/proyectos\/"]}]},{"@type":"BreadcrumbList","@id":"https:\/\/www.ikostech.es\/cue\/proyectos\/#breadcrumb","itemListElement":[{"@type":"ListItem","position":1,"name":"Portada","item":"https:\/\/www.ikostech.es\/cue\/"},{"@type":"ListItem","position":2,"name":"Proyectos"}]},{"@type":"WebSite","@id":"https:\/\/www.ikostech.es\/cue\/#website","url":"https:\/\/www.ikostech.es\/cue\/","name":"Ikos Advanced","description":"Monitorizacion de cultivos","publisher":{"@id":"https:\/\/www.ikostech.es\/cue\/#organization"},"potentialAction":[{"@type":"SearchAction","target":{"@type":"EntryPoint","urlTemplate":"https:\/\/www.ikostech.es\/cue\/?s={search_term_string}"},"query-input":{"@type":"PropertyValueSpecification","valueRequired":true,"valueName":"search_term_string"}}],"inLanguage":"es"},{"@type":"Organization","@id":"https:\/\/www.ikostech.es\/cue\/#organization","name":"Ikos Advanced","url":"https:\/\/www.ikostech.es\/cue\/","logo":{"@type":"ImageObject","inLanguage":"es","@id":"https:\/\/www.ikostech.es\/cue\/#\/schema\/logo\/image\/","url":"https:\/\/www.ikostech.es\/cue\/wp-content\/uploads\/2023\/03\/logo-imagen-destacada.jpeg","contentUrl":"https:\/\/www.ikostech.es\/cue\/wp-content\/uploads\/2023\/03\/logo-imagen-destacada.jpeg","width":480,"height":480,"caption":"Ikos Advanced"},"image":{"@id":"https:\/\/www.ikostech.es\/cue\/#\/schema\/logo\/image\/"},"sameAs":["https:\/\/www.facebook.com\/ikostech","https:\/\/x.com\/ikos_tech","https:\/\/www.instagram.com\/ikos_tech\/","https:\/\/es.linkedin.com\/company\/ikos-tech"]}]}},"_links":{"self":[{"href":"https:\/\/www.ikostech.es\/cue\/wp-json\/wp\/v2\/pages\/6719","targetHints":{"allow":["GET"]}}],"collection":[{"href":"https:\/\/www.ikostech.es\/cue\/wp-json\/wp\/v2\/pages"}],"about":[{"href":"https:\/\/www.ikostech.es\/cue\/wp-json\/wp\/v2\/types\/page"}],"author":[{"embeddable":true,"href":"https:\/\/www.ikostech.es\/cue\/wp-json\/wp\/v2\/users\/2"}],"replies":[{"embeddable":true,"href":"https:\/\/www.ikostech.es\/cue\/wp-json\/wp\/v2\/comments?post=6719"}],"version-history":[{"count":19,"href":"https:\/\/www.ikostech.es\/cue\/wp-json\/wp\/v2\/pages\/6719\/revisions"}],"predecessor-version":[{"id":6814,"href":"https:\/\/www.ikostech.es\/cue\/wp-json\/wp\/v2\/pages\/6719\/revisions\/6814"}],"wp:attachment":[{"href":"https:\/\/www.ikostech.es\/cue\/wp-json\/wp\/v2\/media?parent=6719"}],"curies":[{"name":"wp","href":"https:\/\/api.w.org\/{rel}","templated":true}]}}